{"id":6524,"date":"2024-05-08T10:00:05","date_gmt":"2024-05-08T10:00:05","guid":{"rendered":"https:\/\/fachmedien.net\/?page_id=6524"},"modified":"2024-05-08T10:31:21","modified_gmt":"2024-05-08T10:31:21","slug":"kontakt","status":"publish","type":"page","link":"https:\/\/fachmedien.net\/ro\/kontakt\/","title":{"rendered":"Kontakt"},"content":{"rendered":"<p>Wenn Sie Fragen, Kommentare oder Anregungen haben, sind wir gerne f\u00fcr Sie da!<\/p>\n\n\n\n<h2 class=\"wp-block-heading\" id=\"kontakt-information\">Kontaktinformationen<\/h2>\n\n\n\n<p>Wenn Sie mit uns Kontakt aufnehmen m\u00f6chten, k\u00f6nnen Sie die folgenden Angaben verwenden:<\/p>\n\n\n\n<ul class=\"wp-block-list\">\n<li>Adresse: Fasanenstra\u00dfe 46, 20354, Hamburg Rotherbaum<\/li>\n\n\n\n<li>Telefon: 040 21 37 95<\/li>\n\n\n\n<li>E-Mail: <script type=\"text\/javascript\">\n        document.addEventListener('DOMContentLoaded', function() {\n            var user = 'redaktion';\n            var domain = 'fachmedien.net';\n            var element = document.getElementById('emailLink');\n            element.href = 'mailto:' + user + '@' + domain;\n            element.textContent = user + '@' + domain;\n        });\n    <\/script>\n <a id=\"emailLink\" href=\"#\">Contact<\/a><\/li>\n<\/ul>\n\n\n\n<h2 class=\"wp-block-heading\" id=\"how-do-nas-trafic\">Wie Sie uns erreichen k\u00f6nnen?<\/h2>\n\n\n\n<p>Unser B\u00fcro befindet sich praktisch im Zentrum von Hamburg Rotherbaum und ist sowohl mit \u00f6ffentlichen Verkehrsmitteln als auch mit dem Auto leicht zu erreichen. Zahlreiche Parkh\u00e4user sind in der N\u00e4he vorhanden.<\/p>\n\n\n\n<h2 class=\"wp-block-heading\" id=\"Arbeitszeiten\">Arbeitszeiten<\/h2>\n\n\n\n<p>Unser Team ist w\u00e4hrend der folgenden Stunden erreichbar:<\/p>\n\n\n\n<ul class=\"wp-block-list\">\n<li>Montag &#8211; Freitag: 9:00 Uhr &#8211; 17:00 Uhr<\/li>\n\n\n\n<li>Samstag: 10:00 Uhr &#8211; 14:00 Uhr<\/li>\n\n\n\n<li>Sonntag: Geschlossen<\/li>\n<\/ul>\n\n\n\n<p>.<\/p>","protected":false},"excerpt":{"rendered":"<p>Wenn Sie Fragen, Kommentare oder Anregungen haben, sind wir gerne f\u00fcr Sie da! Kontaktinformationen Wenn Sie mit uns Kontakt aufnehmen m\u00f6chten, k\u00f6nnen Sie die folgenden Angaben verwenden: Wie Sie uns erreichen k\u00f6nnen? Unser B\u00fcro befindet sich praktisch im Zentrum von Hamburg Rotherbaum und ist sowohl mit \u00f6ffentlichen Verkehrsmitteln als auch mit dem Auto leicht zu [&hellip;]<\/p>\n","protected":false},"author":7,"featured_media":0,"parent":0,"menu_order":0,"comment_status":"closed","ping_status":"closed","template":"","meta":{"_seopress_robots_primary_cat":"","_seopress_titles_title":"","_seopress_titles_desc":"","_seopress_robots_index":"yes","_gspb_post_css":"","_kad_blocks_custom_css":"","_kad_blocks_head_custom_js":"","_kad_blocks_body_custom_js":"","_kad_blocks_footer_custom_js":"","_kadence_starter_templates_imported_post":false,"footnotes":""},"class_list":["post-6524","page","type-page","status-publish","hentry"],"blocksy_meta":[],"taxonomy_info":[],"featured_image_src_large":false,"author_info":{"display_name":"Robert-Jan Lovink","author_link":"https:\/\/fachmedien.net\/ro\/author\/robert\/"},"comment_info":0,"_links":{"self":[{"href":"https:\/\/fachmedien.net\/ro\/wp-json\/wp\/v2\/pages\/6524","targetHints":{"allow":["GET"]}}],"collection":[{"href":"https:\/\/fachmedien.net\/ro\/wp-json\/wp\/v2\/pages"}],"about":[{"href":"https:\/\/fachmedien.net\/ro\/wp-json\/wp\/v2\/types\/page"}],"author":[{"embeddable":true,"href":"https:\/\/fachmedien.net\/ro\/wp-json\/wp\/v2\/users\/7"}],"replies":[{"embeddable":true,"href":"https:\/\/fachmedien.net\/ro\/wp-json\/wp\/v2\/comments?post=6524"}],"version-history":[{"count":1,"href":"https:\/\/fachmedien.net\/ro\/wp-json\/wp\/v2\/pages\/6524\/revisions"}],"predecessor-version":[{"id":6525,"href":"https:\/\/fachmedien.net\/ro\/wp-json\/wp\/v2\/pages\/6524\/revisions\/6525"}],"wp:attachment":[{"href":"https:\/\/fachmedien.net\/ro\/wp-json\/wp\/v2\/media?parent=6524"}],"curies":[{"name":"wp","href":"https:\/\/api.w.org\/{rel}","templated":true}]}}