{"id":6521,"date":"2024-05-08T09:54:27","date_gmt":"2024-05-08T09:54:27","guid":{"rendered":"https:\/\/fachmedien.net\/?page_id=6521"},"modified":"2024-05-08T10:31:26","modified_gmt":"2024-05-08T10:31:26","slug":"redaktionelle-politik","status":"publish","type":"page","link":"https:\/\/fachmedien.net\/ro\/redaktionelle-politik\/","title":{"rendered":"Redaktionelle Politik"},"content":{"rendered":"<p>Als Blog, der von einem unabh\u00e4ngigen Blogger betrieben wird, m\u00f6chte Fachmedien eine zuverl\u00e4ssige Informations- und Inspirationsquelle f\u00fcr unsere Leser sein. Unsere Inhalte konzentrieren sich auf eine breite Palette von Themen und bieten wertvolle und tiefgreifende Analysen und Gedanken.<\/p>\n\n\n\n<h2 class=\"wp-block-heading\" id=\"rules-publishing\">Regeln f\u00fcr die Ver\u00f6ffentlichung<\/h2>\n\n\n\n<p>Jeder Blogbeitrag wird sorgf\u00e4ltig vorbereitet und gepr\u00fcft, um hohen Qualit\u00e4ts- und Ethikstandards zu entsprechen. Wir ver\u00f6ffentlichen keine Inhalte, die unwahr, irref\u00fchrend oder verleumderisch sind.<\/p>\n\n\n\n<h2 class=\"wp-block-heading\" id=\"Verpflichtungen gegen\u00fcber Lesern\">Verpflichtungen gegen\u00fcber Lesern<\/h2>\n\n\n\n<p>Wir verpflichten uns zu Transparenz, Zuverl\u00e4ssigkeit und Unabh\u00e4ngigkeit unserer Publikationen. Unsere Inhalte werden f\u00fcr Sie erstellt, ohne den Einfluss externer Sponsoren oder Werbekunden.<\/p>\n\n\n\n<h2 class=\"wp-block-heading\" id=\"tips-for-authors\">Tipps f\u00fcr Autoren<\/h2>\n\n\n\n<p>Alle Autoren, die f\u00fcr Fachmedien schreiben, m\u00fcssen sich an unsere redaktionellen Richtlinien halten. Diese reichen von Stil und Ton bis hin zu Anforderungen an die inhaltliche Qualit\u00e4t und Originalit\u00e4t des Inhalts.<\/p>\n\n\n\n<h2 class=\"wp-block-heading\" id=\"rules-conflict-of-interest\">Regeln bei Interessenkonflikten<\/h2>\n\n\n\n<p>Alle Inhalte werden mit Integrit\u00e4t erstellt. Wenn es potenzielle Interessenkonflikte gibt, werden diese in den ver\u00f6ffentlichten Materialien klar deklariert, um volle Transparenz zu gew\u00e4hrleisten.Anforderungen f\u00fcr die Einreichung von Artikelvorschl\u00e4gen<\/p>\n\n\n\n<h2 class=\"wp-block-heading\" id=\"Redaktionsprozesse\">Redaktionsprozesse<\/h2>\n\n\n\n<p>Unsere Inhalte werden vor der Ver\u00f6ffentlichung mehrfach \u00fcberpr\u00fcft. Dieser Prozess umfasst sowohl eine erste \u00dcberpr\u00fcfung der Fakten als auch ein abschlie\u00dfendes Korrekturlesen durch unser Redaktionsteam.<\/p>\n\n\n\n<h2 class=\"wp-block-heading\" id=\"\u00c4nderungen in der Redaktionspolitik\">\u00c4nderungen in der Redaktionspolitik<\/h2>\n\n\n\n<p>Die Redaktionsrichtlinien von Fachmedien sind ein lebendes Dokument und k\u00f6nnen aktualisiert werden, um ver\u00e4nderten Standards und Praktiken Rechnung zu tragen. Alle \u00c4nderungen werden in angemessener Weise auf unserer Website bekannt gegeben.<\/p>","protected":false},"excerpt":{"rendered":"<p>Als Blog, der von einem unabh\u00e4ngigen Blogger betrieben wird, m\u00f6chte Fachmedien eine zuverl\u00e4ssige Informations- und Inspirationsquelle f\u00fcr unsere Leser sein. Unsere Inhalte konzentrieren sich auf eine breite Palette von Themen und bieten wertvolle und tiefgreifende Analysen und Gedanken. Regeln f\u00fcr die Ver\u00f6ffentlichung Jeder Blogbeitrag wird sorgf\u00e4ltig vorbereitet und gepr\u00fcft, um hohen Qualit\u00e4ts- und Ethikstandards zu [&hellip;]<\/p>\n","protected":false},"author":7,"featured_media":0,"parent":0,"menu_order":0,"comment_status":"closed","ping_status":"closed","template":"","meta":{"_seopress_robots_primary_cat":"","_seopress_titles_title":"","_seopress_titles_desc":"","_seopress_robots_index":"yes","_gspb_post_css":"","_kad_blocks_custom_css":"","_kad_blocks_head_custom_js":"","_kad_blocks_body_custom_js":"","_kad_blocks_footer_custom_js":"","_kadence_starter_templates_imported_post":false,"footnotes":""},"class_list":["post-6521","page","type-page","status-publish","hentry"],"blocksy_meta":[],"taxonomy_info":[],"featured_image_src_large":false,"author_info":{"display_name":"Robert-Jan Lovink","author_link":"https:\/\/fachmedien.net\/ro\/author\/robert\/"},"comment_info":0,"_links":{"self":[{"href":"https:\/\/fachmedien.net\/ro\/wp-json\/wp\/v2\/pages\/6521","targetHints":{"allow":["GET"]}}],"collection":[{"href":"https:\/\/fachmedien.net\/ro\/wp-json\/wp\/v2\/pages"}],"about":[{"href":"https:\/\/fachmedien.net\/ro\/wp-json\/wp\/v2\/types\/page"}],"author":[{"embeddable":true,"href":"https:\/\/fachmedien.net\/ro\/wp-json\/wp\/v2\/users\/7"}],"replies":[{"embeddable":true,"href":"https:\/\/fachmedien.net\/ro\/wp-json\/wp\/v2\/comments?post=6521"}],"version-history":[{"count":1,"href":"https:\/\/fachmedien.net\/ro\/wp-json\/wp\/v2\/pages\/6521\/revisions"}],"predecessor-version":[{"id":6522,"href":"https:\/\/fachmedien.net\/ro\/wp-json\/wp\/v2\/pages\/6521\/revisions\/6522"}],"wp:attachment":[{"href":"https:\/\/fachmedien.net\/ro\/wp-json\/wp\/v2\/media?parent=6521"}],"curies":[{"name":"wp","href":"https:\/\/api.w.org\/{rel}","templated":true}]}}