{"id":6517,"date":"2024-04-20T13:31:20","date_gmt":"2024-04-20T13:31:20","guid":{"rendered":"https:\/\/fachmedien.net\/?page_id=6517"},"modified":"2024-04-20T13:34:09","modified_gmt":"2024-04-20T13:34:09","slug":"haftungsausschluss","status":"publish","type":"page","link":"https:\/\/fachmedien.net\/ro\/haftungsausschluss\/","title":{"rendered":"Haftungsausschluss"},"content":{"rendered":"<h2 class=\"wp-block-heading\" id=\"rechtlicher-schutz\">Rechtlicher Schutz<\/h2>\n\n\n\n<p>Alle Materialien auf der Website, einschlie\u00dflich Grafiken, Texte, Icons, Tonillustrationen, sind durch das Urheberrecht von Fachmedien oder anderen externen Parteien gesch\u00fctzt. F\u00fcr jede Form der Nutzung dieser Materialien ist die ungeschriebene Zustimmung des Administrators erforderlich.<\/p>\n\n\n\n<h2 class=\"wp-block-heading\" id=\"2-markenzeichen\">2 Markenzeichen<\/h2>\n\n\n\n<p>Alle Marken, die auf Fachmedien erscheinen, sind rechtlich gesch\u00fctzt und d\u00fcrfen nur mit Genehmigung des jeweiligen Eigent\u00fcmers verwendet werden.<\/p>\n\n\n\n<h2 class=\"wp-block-heading\" id=\"3-richtigkeit-der-inhalte\">3 Richtigkeit der Inhalte<\/h2>\n\n\n\n<p>Die auf der Plattform zur Verf\u00fcgung gestellten Informationen werden regelm\u00e4\u00dfig aktualisiert, die Redaktion \u00fcbernimmt jedoch keine Gew\u00e4hr f\u00fcr deren vollst\u00e4ndige Richtigkeit. Alle Entscheidungen, die auf der Grundlage dieser Informationen getroffen werden, erfolgen auf eigenes Risiko des Nutzers, f\u00fcr das Fachmedien nicht verantwortlich ist.<\/p>\n\n\n\n<h2 class=\"wp-block-heading\" id=\"4-links-zu-websites-von-dritten\">4 Links zu Websites von Dritten<\/h2>\n\n\n\n<p>Obwohl die Website auf andere Websites verweisen kann, ist Fachmedien nicht verantwortlich f\u00fcr deren Inhalt oder f\u00fcr \u00c4nderungen, die auf diesen Websites vorgenommen werden. Die genannten Links implizieren keine Verbindung zu diesen Websites.<\/p>","protected":false},"excerpt":{"rendered":"<p>Rechtlicher Schutz Alle Materialien auf der Website, einschlie\u00dflich Grafiken, Texte, Icons, Tonillustrationen, sind durch das Urheberrecht von Fachmedien oder anderen externen Parteien gesch\u00fctzt. F\u00fcr jede Form der Nutzung dieser Materialien ist die ungeschriebene Zustimmung des Administrators erforderlich. 2 Markenzeichen Alle Marken, die auf Fachmedien erscheinen, sind rechtlich gesch\u00fctzt und d\u00fcrfen nur mit Genehmigung des jeweiligen [&hellip;]<\/p>\n","protected":false},"author":7,"featured_media":0,"parent":0,"menu_order":0,"comment_status":"closed","ping_status":"closed","template":"","meta":{"_seopress_robots_primary_cat":"","_seopress_titles_title":"","_seopress_titles_desc":"","_seopress_robots_index":"yes","_gspb_post_css":"","_kad_blocks_custom_css":"","_kad_blocks_head_custom_js":"","_kad_blocks_body_custom_js":"","_kad_blocks_footer_custom_js":"","_kadence_starter_templates_imported_post":false,"footnotes":""},"class_list":["post-6517","page","type-page","status-publish","hentry"],"blocksy_meta":[],"taxonomy_info":[],"featured_image_src_large":false,"author_info":{"display_name":"Robert-Jan Lovink","author_link":"https:\/\/fachmedien.net\/ro\/author\/robert\/"},"comment_info":0,"_links":{"self":[{"href":"https:\/\/fachmedien.net\/ro\/wp-json\/wp\/v2\/pages\/6517","targetHints":{"allow":["GET"]}}],"collection":[{"href":"https:\/\/fachmedien.net\/ro\/wp-json\/wp\/v2\/pages"}],"about":[{"href":"https:\/\/fachmedien.net\/ro\/wp-json\/wp\/v2\/types\/page"}],"author":[{"embeddable":true,"href":"https:\/\/fachmedien.net\/ro\/wp-json\/wp\/v2\/users\/7"}],"replies":[{"embeddable":true,"href":"https:\/\/fachmedien.net\/ro\/wp-json\/wp\/v2\/comments?post=6517"}],"version-history":[{"count":1,"href":"https:\/\/fachmedien.net\/ro\/wp-json\/wp\/v2\/pages\/6517\/revisions"}],"predecessor-version":[{"id":6518,"href":"https:\/\/fachmedien.net\/ro\/wp-json\/wp\/v2\/pages\/6517\/revisions\/6518"}],"wp:attachment":[{"href":"https:\/\/fachmedien.net\/ro\/wp-json\/wp\/v2\/media?parent=6517"}],"curies":[{"name":"wp","href":"https:\/\/api.w.org\/{rel}","templated":true}]}}