{"id":6515,"date":"2024-04-20T13:28:50","date_gmt":"2024-04-20T13:28:50","guid":{"rendered":"https:\/\/fachmedien.net\/?page_id=6515"},"modified":"2024-04-20T13:34:04","modified_gmt":"2024-04-20T13:34:04","slug":"ehrenkodex","status":"publish","type":"page","link":"https:\/\/fachmedien.net\/ro\/ehrenkodex\/","title":{"rendered":"Ehrenkodex"},"content":{"rendered":"<p>Fachmedien verpflichtet sich zur Einhaltung ethischer Standards, die unsere Unternehmensziele und unser Image als Marktf\u00fchrer unterst\u00fctzen.<\/p>\n\n\n\n<h2 class=\"wp-block-heading\" id=\"zweck-des-kodex\">Zweck des Kodex<\/h2>\n\n\n\n<p>Der Ethikkodex von Fachmedien wurde erstellt, um klare Richtlinien bez\u00fcglich der Erwartungen an alle Mitarbeiter und den Vorstand festzulegen. Er ist das Fundament, auf dem wir unsere Unternehmenskultur und ethische Integritas aufbauen.<\/p>\n\n\n\n<h2 class=\"wp-block-heading\" id=\"grundprinzipien\">Grundprinzipien<\/h2>\n\n\n\n<p>Unser Ziel ist es, sicherzustellen, dass Handlungen, die im Namen des Dienstes vorgenommen werden, immer mit einem H\u00f6chstma\u00df an Integrit\u00e4t und Respekt f\u00fcr die Rechte des Einzelnen erfolgen. Wir ergreifen geeignete Ma\u00dfnahmen, um sicherzustellen, dass unsere T\u00e4tigkeiten in einer nachhaltigen und sozial verantwortlichen Weise ausgef\u00fchrt werden.<\/p>\n\n\n\n<h2 class=\"wp-block-heading\" id=\"selbstverpflichtungen-fur-mitarbeiter\">Selbstverpflichtungen f\u00fcr Mitarbeiter<\/h2>\n\n\n\n<p>Alle Mitarbeiter sind verpflichtet, sich an unsere ethischen Grunds\u00e4tze zu halten. Dazu geh\u00f6rt es, integer zu handeln, vertrauliche Informationen zu sch\u00fctzen und Interessenkonflikte zu vermeiden. Von jedem Mitarbeiter wird erwartet, dass er als Botschafter f\u00fcr die Plattform auftritt und die Werte und Standards, die wir sch\u00e4tzen, f\u00f6rdert.<\/p>\n\n\n\n<h2 class=\"wp-block-heading\" id=\"rechenschaftspflicht-und-whistleblowing\">Rechenschaftspflicht und Whistleblowing<\/h2>\n\n\n\n<p>Die Plattform ermutigt zu Offenheit und Dialog. Die Mitarbeiter werden ermutigt, alle Bedenken \u00fcber ethische Herausforderungen zu melden. Wir versichern Ihnen, dass alle Meldungen mit der gebotenen Ernsthaftigkeit und Diskretion behandelt werden und dass der Administrator alle notwendigen Schritte unternehmen wird, um die gemeldeten Probleme zu untersuchen und zu l\u00f6sen.<\/p>\n\n\n\n<p>Der Ethik-Kodex von Fachmedien ist mehr als nur eine Reihe von Regeln &#8211; er ist die Art und Weise, wie wir unsere Gesch\u00e4fte f\u00fchren. Die Einhaltung dieses Kodex ist entscheidend f\u00fcr unseren langfristigen Wert und Erfolg.<\/p>","protected":false},"excerpt":{"rendered":"<p>Fachmedien verpflichtet sich zur Einhaltung ethischer Standards, die unsere Unternehmensziele und unser Image als Marktf\u00fchrer unterst\u00fctzen. Zweck des Kodex Der Ethikkodex von Fachmedien wurde erstellt, um klare Richtlinien bez\u00fcglich der Erwartungen an alle Mitarbeiter und den Vorstand festzulegen. Er ist das Fundament, auf dem wir unsere Unternehmenskultur und ethische Integritas aufbauen. Grundprinzipien Unser Ziel ist [&hellip;]<\/p>\n","protected":false},"author":7,"featured_media":0,"parent":0,"menu_order":0,"comment_status":"closed","ping_status":"closed","template":"","meta":{"_seopress_robots_primary_cat":"","_seopress_titles_title":"","_seopress_titles_desc":"","_seopress_robots_index":"yes","_gspb_post_css":"","_kad_blocks_custom_css":"","_kad_blocks_head_custom_js":"","_kad_blocks_body_custom_js":"","_kad_blocks_footer_custom_js":"","_kadence_starter_templates_imported_post":false,"footnotes":""},"class_list":["post-6515","page","type-page","status-publish","hentry"],"blocksy_meta":[],"taxonomy_info":[],"featured_image_src_large":false,"author_info":{"display_name":"Robert-Jan Lovink","author_link":"https:\/\/fachmedien.net\/ro\/author\/robert\/"},"comment_info":0,"_links":{"self":[{"href":"https:\/\/fachmedien.net\/ro\/wp-json\/wp\/v2\/pages\/6515","targetHints":{"allow":["GET"]}}],"collection":[{"href":"https:\/\/fachmedien.net\/ro\/wp-json\/wp\/v2\/pages"}],"about":[{"href":"https:\/\/fachmedien.net\/ro\/wp-json\/wp\/v2\/types\/page"}],"author":[{"embeddable":true,"href":"https:\/\/fachmedien.net\/ro\/wp-json\/wp\/v2\/users\/7"}],"replies":[{"embeddable":true,"href":"https:\/\/fachmedien.net\/ro\/wp-json\/wp\/v2\/comments?post=6515"}],"version-history":[{"count":1,"href":"https:\/\/fachmedien.net\/ro\/wp-json\/wp\/v2\/pages\/6515\/revisions"}],"predecessor-version":[{"id":6516,"href":"https:\/\/fachmedien.net\/ro\/wp-json\/wp\/v2\/pages\/6515\/revisions\/6516"}],"wp:attachment":[{"href":"https:\/\/fachmedien.net\/ro\/wp-json\/wp\/v2\/media?parent=6515"}],"curies":[{"name":"wp","href":"https:\/\/api.w.org\/{rel}","templated":true}]}}