{"id":6511,"date":"2024-04-11T15:42:30","date_gmt":"2024-04-11T15:42:30","guid":{"rendered":"https:\/\/fachmedien.net\/?page_id=6511"},"modified":"2024-04-11T15:51:27","modified_gmt":"2024-04-11T15:51:27","slug":"vorschriften","status":"publish","type":"page","link":"https:\/\/fachmedien.net\/ro\/vorschriften\/","title":{"rendered":"Vorschriften"},"content":{"rendered":"<p>G\u00fcltig ab: 11.04.2024r.<\/p>\n\n\n\n<h2 class=\"wp-block-heading\" id=\"1-einleitung\">\u00a71 Einleitung<\/h2>\n\n\n\n<p>Diese Nutzungsbedingungen legen die Regeln f\u00fcr die Nutzung der Website https:\/\/fachmedien.net\/ fest, die im Folgenden als &#8220;Service&#8221; bezeichnet wird.<\/p>\n\n\n\n<h2 class=\"wp-block-heading\" id=\"2-definitionen\">\u00a72 Definitionen<\/h2>\n\n\n\n<ul class=\"wp-block-list\">\n<li><strong>Dienstanbieter<\/strong> &#8211; der Eigent\u00fcmer der Website von Fachmedien,<\/li>\n\n\n\n<li><strong>Nutzer<\/strong> &#8211; eine Person, die die Website nutzt,<\/li>\n\n\n\n<li><strong>Inhalt<\/strong> &#8211; alle Informationen, Texte, grafischen Daten, die auf der Website verf\u00fcgbar sind.<\/li>\n<\/ul>\n\n\n\n<h2 class=\"wp-block-heading\" id=\"3-nutzungsbedingungen\">\u00a73 Nutzungsbedingungen<\/h2>\n\n\n\n<p>Jeder Nutzer ist verpflichtet, bei der Nutzung der Website die in diesen Nutzungsbedingungen enthaltenen Regeln einzuhalten. Der Dienst hat das Recht, Benutzern, die gegen diese Regeln versto\u00dfen, den Zugang zum Dienst zu sperren.<\/p>\n\n\n\n<h2 class=\"wp-block-heading\" id=\"4-geistige-eigentumsrechte\">\u00a74 Geistige Eigentumsrechte<\/h2>\n\n\n\n<p>Alle Inhalte der Website sind urheberrechtlich und durch Rechte an geistigem Eigentum gesch\u00fctzt. Ihre Nutzung darf nur in dem Umfang erfolgen, wie es die geltenden Gesetze erlauben oder mit Zustimmung des Dienstanbieters.<\/p>\n\n\n\n<h2 class=\"wp-block-heading\" id=\"5-schutz-personenbezogener-daten\">\u00a75 Schutz personenbezogener Daten<\/h2>\n\n\n\n<p>Die Website verarbeitet die personenbezogenen Daten der Nutzer in \u00dcbereinstimmung mit geltendem Recht und der Datenschutzrichtlinie, die Sie auf der Website finden k\u00f6nnen.<\/p>\n\n\n\n<h2 class=\"wp-block-heading\" id=\"6-anderungen-der-allgemeinen-geschaftsbedingungen\">\u00a76 \u00c4nderungen der Allgemeinen Gesch\u00e4ftsbedingungen<\/h2>\n\n\n\n<p>Der Dienstanbieter beh\u00e4lt sich das Recht vor, die Allgemeinen Gesch\u00e4ftsbedingungen jederzeit zu \u00e4ndern. Die Benutzer werden \u00fcber alle \u00c4nderungen informiert, indem das Datum des Inkrafttretens der Allgemeinen Gesch\u00e4ftsbedingungen am Anfang dieses Dokuments aktualisiert wird.<\/p>\n\n\n\n<p>Wenn Sie Fragen zu diesen Allgemeinen Gesch\u00e4ftsbedingungen haben, kontaktieren Sie uns bitte \u00fcber die in der Fu\u00dfzeile angegebene E-Mail-Adresse.<\/p>","protected":false},"excerpt":{"rendered":"<p>G\u00fcltig ab: 11.04.2024r. \u00a71 Einleitung Diese Nutzungsbedingungen legen die Regeln f\u00fcr die Nutzung der Website https:\/\/fachmedien.net\/ fest, die im Folgenden als &#8220;Service&#8221; bezeichnet wird. \u00a72 Definitionen \u00a73 Nutzungsbedingungen Jeder Nutzer ist verpflichtet, bei der Nutzung der Website die in diesen Nutzungsbedingungen enthaltenen Regeln einzuhalten. Der Dienst hat das Recht, Benutzern, die gegen diese Regeln versto\u00dfen, [&hellip;]<\/p>\n","protected":false},"author":7,"featured_media":0,"parent":0,"menu_order":0,"comment_status":"closed","ping_status":"closed","template":"","meta":{"_seopress_robots_primary_cat":"","_seopress_titles_title":"","_seopress_titles_desc":"","_seopress_robots_index":"yes","_gspb_post_css":"","_kad_blocks_custom_css":"","_kad_blocks_head_custom_js":"","_kad_blocks_body_custom_js":"","_kad_blocks_footer_custom_js":"","_kadence_starter_templates_imported_post":false,"footnotes":""},"class_list":["post-6511","page","type-page","status-publish","hentry"],"blocksy_meta":[],"taxonomy_info":[],"featured_image_src_large":false,"author_info":{"display_name":"Robert-Jan Lovink","author_link":"https:\/\/fachmedien.net\/ro\/author\/robert\/"},"comment_info":0,"_links":{"self":[{"href":"https:\/\/fachmedien.net\/ro\/wp-json\/wp\/v2\/pages\/6511","targetHints":{"allow":["GET"]}}],"collection":[{"href":"https:\/\/fachmedien.net\/ro\/wp-json\/wp\/v2\/pages"}],"about":[{"href":"https:\/\/fachmedien.net\/ro\/wp-json\/wp\/v2\/types\/page"}],"author":[{"embeddable":true,"href":"https:\/\/fachmedien.net\/ro\/wp-json\/wp\/v2\/users\/7"}],"replies":[{"embeddable":true,"href":"https:\/\/fachmedien.net\/ro\/wp-json\/wp\/v2\/comments?post=6511"}],"version-history":[{"count":1,"href":"https:\/\/fachmedien.net\/ro\/wp-json\/wp\/v2\/pages\/6511\/revisions"}],"predecessor-version":[{"id":6512,"href":"https:\/\/fachmedien.net\/ro\/wp-json\/wp\/v2\/pages\/6511\/revisions\/6512"}],"wp:attachment":[{"href":"https:\/\/fachmedien.net\/ro\/wp-json\/wp\/v2\/media?parent=6511"}],"curies":[{"name":"wp","href":"https:\/\/api.w.org\/{rel}","templated":true}]}}