{"id":6507,"date":"2024-04-11T14:05:10","date_gmt":"2024-04-11T14:05:10","guid":{"rendered":"https:\/\/fachmedien.net\/?page_id=6507"},"modified":"2024-04-11T15:51:21","modified_gmt":"2024-04-11T15:51:21","slug":"cookies-politik","status":"publish","type":"page","link":"https:\/\/fachmedien.net\/ro\/cookies-politik\/","title":{"rendered":"Cookies Politik"},"content":{"rendered":"<p>Vielen Dank f\u00fcr Ihren Besuch bei Fachmedien. Unsere Website verwendet Cookies, um den Inhalt an Ihre Pr\u00e4ferenzen anzupassen und um anonyme statistische Daten zu sammeln. Nachfolgend finden Sie Informationen \u00fcber Cookies und wie Sie sie verwalten k\u00f6nnen.<\/p>\n\n\n\n<h2 class=\"wp-block-heading\" id=\"was-sind-cookies\">Was sind Cookies?<\/h2>\n\n\n\n<p>Cookies sind kleine Textdateien, die auf dem Endger\u00e4t des Nutzers gespeichert werden, um das Ger\u00e4t zu erkennen und die Website entsprechend anzupassen. Diese Cookies sammeln Informationen, zu denen auch pers\u00f6nliche Daten wie die IP-Adresse oder die Surfpr\u00e4ferenzen geh\u00f6ren k\u00f6nnen.<\/p>\n\n\n\n<h2 class=\"wp-block-heading\" id=\"arten-von-cookies-die-auf-unserer-website-verwendet-werden\">Arten von Cookies, die auf unserer Website verwendet werden:<\/h2>\n\n\n\n<ul class=\"wp-block-list\">\n<li><strong>Sitzungs-Cookies:<\/strong> werden gel\u00f6scht, wenn der Browser geschlossen wird; sie werden z.B. verwendet, um die Sitzung des Benutzers aufrechtzuerhalten.<\/li>\n\n\n\n<li><strong>Permanente<\/strong> Cookies: verbleiben f\u00fcr einen bestimmten Zeitraum auf Ihrem Ger\u00e4t und werden z.B. verwendet, um Ihre Sprachauswahl zu speichern.<\/li>\n\n\n\n<li><strong>Analytische Cookies:<\/strong> Sie erm\u00f6glichen es uns, das Nutzerverhalten zu analysieren, um die Gestaltung der Website zu optimieren.<\/li>\n<\/ul>\n\n\n\n<h2 class=\"wp-block-heading\" id=\"wie-verwalte-ich-meine-cookies\">Wie verwalte ich meine Cookies?<\/h2>\n\n\n\n<p>Sie k\u00f6nnen Ihre Cookie-Einstellungen jederzeit anpassen, indem Sie die Konfiguration Ihres Browsers \u00e4ndern. Die meisten Webbrowser akzeptieren Cookies standardm\u00e4\u00dfig, aber Sie haben die M\u00f6glichkeit, Ihre Einstellungen zu \u00e4ndern, um deren automatische Annahme zu blockieren, was Ihre Erfahrung mit der Website beeintr\u00e4chtigen kann.<\/p>\n\n\n\n<h2 class=\"wp-block-heading\" id=\"anderungen-an-der-cookie-richtlinie\">\u00c4nderungen an der Cookie-Richtlinie<\/h2>\n\n\n\n<p>Wir behalten uns vor, diese Cookie-Richtlinie von Zeit zu Zeit zu aktualisieren, um \u00c4nderungen unserer Praktiken zu ber\u00fccksichtigen oder um auf rechtliche \u00c4nderungen zu reagieren. Wir empfehlen Ihnen, diese Seite regelm\u00e4\u00dfig zu besuchen, um die neuesten Informationen \u00fcber unsere Cookie-Richtlinie zu erhalten.<\/p>\n\n\n\n<h2 class=\"wp-block-heading\" id=\"kontakt\">Kontakt<\/h2>\n\n\n\n<p>Wenn Sie Fragen zu unserer Cookie-Richtlinie haben, kontaktieren Sie uns bitte \u00fcber die E-Mail, die Sie in der Fu\u00dfzeile des Portals finden.<\/p>","protected":false},"excerpt":{"rendered":"<p>Vielen Dank f\u00fcr Ihren Besuch bei Fachmedien. Unsere Website verwendet Cookies, um den Inhalt an Ihre Pr\u00e4ferenzen anzupassen und um anonyme statistische Daten zu sammeln. Nachfolgend finden Sie Informationen \u00fcber Cookies und wie Sie sie verwalten k\u00f6nnen. Was sind Cookies? Cookies sind kleine Textdateien, die auf dem Endger\u00e4t des Nutzers gespeichert werden, um das Ger\u00e4t [&hellip;]<\/p>\n","protected":false},"author":7,"featured_media":0,"parent":0,"menu_order":0,"comment_status":"closed","ping_status":"closed","template":"","meta":{"_seopress_robots_primary_cat":"","_seopress_titles_title":"","_seopress_titles_desc":"","_seopress_robots_index":"yes","_gspb_post_css":"","_kad_blocks_custom_css":"","_kad_blocks_head_custom_js":"","_kad_blocks_body_custom_js":"","_kad_blocks_footer_custom_js":"","_kadence_starter_templates_imported_post":false,"footnotes":""},"class_list":["post-6507","page","type-page","status-publish","hentry"],"blocksy_meta":[],"taxonomy_info":[],"featured_image_src_large":false,"author_info":{"display_name":"Robert-Jan Lovink","author_link":"https:\/\/fachmedien.net\/ro\/author\/robert\/"},"comment_info":0,"_links":{"self":[{"href":"https:\/\/fachmedien.net\/ro\/wp-json\/wp\/v2\/pages\/6507","targetHints":{"allow":["GET"]}}],"collection":[{"href":"https:\/\/fachmedien.net\/ro\/wp-json\/wp\/v2\/pages"}],"about":[{"href":"https:\/\/fachmedien.net\/ro\/wp-json\/wp\/v2\/types\/page"}],"author":[{"embeddable":true,"href":"https:\/\/fachmedien.net\/ro\/wp-json\/wp\/v2\/users\/7"}],"replies":[{"embeddable":true,"href":"https:\/\/fachmedien.net\/ro\/wp-json\/wp\/v2\/comments?post=6507"}],"version-history":[{"count":1,"href":"https:\/\/fachmedien.net\/ro\/wp-json\/wp\/v2\/pages\/6507\/revisions"}],"predecessor-version":[{"id":6508,"href":"https:\/\/fachmedien.net\/ro\/wp-json\/wp\/v2\/pages\/6507\/revisions\/6508"}],"wp:attachment":[{"href":"https:\/\/fachmedien.net\/ro\/wp-json\/wp\/v2\/media?parent=6507"}],"curies":[{"name":"wp","href":"https:\/\/api.w.org\/{rel}","templated":true}]}}