{"id":3,"date":"2023-11-20T12:04:43","date_gmt":"2023-11-20T12:04:43","guid":{"rendered":"https:\/\/kad.tenso.pl\/?page_id=3"},"modified":"2024-04-11T15:40:18","modified_gmt":"2024-04-11T15:40:18","slug":"datenschutzbestimmungen","status":"publish","type":"page","link":"https:\/\/fachmedien.net\/ro\/datenschutzbestimmungen\/","title":{"rendered":"Datenschutzbestimmungen"},"content":{"rendered":"<section>\n<h2>Allgemeine Informationen<\/h2>\n<p>In dieser Datenschutzrichtlinie wird dargelegt, wie Fachmedien (der &#8220;Dienst&#8221;) Ihre Daten sammelt, verwendet und sch\u00fctzt. Die Richtlinie gilt f\u00fcr Daten, die sowohl w\u00e4hrend als auch au\u00dferhalb der Nutzung des Dienstes erhoben werden.<\/p>\n<h2>Welche Daten sammeln wir?<\/h2>\n<p>Wenn Sie unseren Dienst nutzen, k\u00f6nnen wir die folgenden Daten erheben:<\/p>\n<ul>\n<li>Informationen, die der Benutzer direkt angibt (z.B. Name, Nachname, E-Mail-Adresse bei der Registrierung)<\/li>\n<li>Informationen, die bei der Nutzung der Website automatisch erfasst werden (z.B. IP-Adresse, Browsertyp, Serverprotokolle)<\/li>\n<\/ul>\n<h2>Zweck der Datenerhebung<\/h2>\n<p>Die vom Dienst erhobenen Daten werden verwendet, um:<\/p>\n<ul>\n<li>Bereitstellung von Dienstleistungen auf h\u00f6chstem Niveau<\/li>\n<li>Personalisierung und Verbesserung des Website-Angebots<\/li>\n<li>Zur Verwaltung der Website und zur Durchf\u00fchrung von Marketingaktivit\u00e4ten in \u00dcbereinstimmung mit der geltenden Gesetzgebung<\/li>\n<\/ul>\n<h2>Sicherheit der Daten<\/h2>\n<p>Wir legen besonderen Wert auf den Schutz der Privatsph\u00e4re unserer Nutzer. Wir verwenden moderne und fortschrittliche Sicherheitsma\u00dfnahmen, um Ihre pers\u00f6nlichen Daten vor unbefugtem Zugriff, Offenlegung, \u00c4nderung oder Zerst\u00f6rung zu sch\u00fctzen.<\/p>\n<h2>Rechte der Benutzer<\/h2>\n<p>Benutzer haben das Recht, auf ihre Daten zuzugreifen, sie zu berichtigen, zu l\u00f6schen oder deren Verarbeitung einzuschr\u00e4nken. Um diese Rechte auszu\u00fcben, kontaktieren Sie uns bitte unter der in der Fu\u00dfzeile des Portals angegebenen E-Mail-Adresse.<\/p>\n<h2>\u00c4nderungen an der Datenschutzrichtlinie<\/h2>\n<p>Wir behalten uns das Recht vor, \u00c4nderungen an der Datenschutzrichtlinie vorzunehmen. Alle \u00c4nderungen werden auf dieser Seite ver\u00f6ffentlicht und wesentliche \u00c4nderungen werden den Nutzern weiter mitgeteilt.<\/p>\n<\/section>","protected":false},"excerpt":{"rendered":"<p>Allgemeine Informationen In dieser Datenschutzrichtlinie wird dargelegt, wie Fachmedien (der &#8220;Dienst&#8221;) Ihre Daten sammelt, verwendet und sch\u00fctzt. Die Richtlinie gilt f\u00fcr Daten, die sowohl w\u00e4hrend als auch au\u00dferhalb der Nutzung des Dienstes erhoben werden. Welche Daten sammeln wir? Wenn Sie unseren Dienst nutzen, k\u00f6nnen wir die folgenden Daten erheben: Informationen, die der Benutzer direkt angibt [&hellip;]<\/p>\n","protected":false},"author":1,"featured_media":0,"parent":0,"menu_order":0,"comment_status":"closed","ping_status":"closed","template":"","meta":{"_seopress_robots_primary_cat":"","_seopress_titles_title":"","_seopress_titles_desc":"","_seopress_robots_index":"yes","_gspb_post_css":"","_kad_blocks_custom_css":"","_kad_blocks_head_custom_js":"","_kad_blocks_body_custom_js":"","_kad_blocks_footer_custom_js":"","_kadence_starter_templates_imported_post":false,"footnotes":""},"class_list":["post-3","page","type-page","status-publish","hentry"],"blocksy_meta":[],"taxonomy_info":[],"featured_image_src_large":false,"author_info":{"display_name":"Harm Teeuwen","author_link":"https:\/\/fachmedien.net\/ro\/author\/mateusz\/"},"comment_info":0,"_links":{"self":[{"href":"https:\/\/fachmedien.net\/ro\/wp-json\/wp\/v2\/pages\/3","targetHints":{"allow":["GET"]}}],"collection":[{"href":"https:\/\/fachmedien.net\/ro\/wp-json\/wp\/v2\/pages"}],"about":[{"href":"https:\/\/fachmedien.net\/ro\/wp-json\/wp\/v2\/types\/page"}],"author":[{"embeddable":true,"href":"https:\/\/fachmedien.net\/ro\/wp-json\/wp\/v2\/users\/1"}],"replies":[{"embeddable":true,"href":"https:\/\/fachmedien.net\/ro\/wp-json\/wp\/v2\/comments?post=3"}],"version-history":[{"count":3,"href":"https:\/\/fachmedien.net\/ro\/wp-json\/wp\/v2\/pages\/3\/revisions"}],"predecessor-version":[{"id":6510,"href":"https:\/\/fachmedien.net\/ro\/wp-json\/wp\/v2\/pages\/3\/revisions\/6510"}],"wp:attachment":[{"href":"https:\/\/fachmedien.net\/ro\/wp-json\/wp\/v2\/media?parent=3"}],"curies":[{"name":"wp","href":"https:\/\/api.w.org\/{rel}","templated":true}]}}